{"id":114,"date":"2021-10-26T10:46:57","date_gmt":"2021-10-26T10:46:57","guid":{"rendered":"https:\/\/jornadadiversidad.com\/aviso-legal\/"},"modified":"2022-09-05T09:35:04","modified_gmt":"2022-09-05T07:35:04","slug":"avis-legal","status":"publish","type":"page","link":"https:\/\/old.encuentrosporlaigualdad.com\/ca\/avis-legal\/","title":{"rendered":"Av\u00eds legal"},"content":{"rendered":"<section class=\"section swatch-white  section-text-no-shadow section-inner-no-shadow section-normal section-opaque\"  data-label=\"\">\n    \n    <div class=\"background-overlay grid-overlay-0 \" style=\"background-color: rgba(0,0,0,0);\"><\/div>\n\n    <div class=\"container\">\n        <div class=\"row vertical-top\">\n            <div class=\"col-md-12     text-default small-screen-default\"  ><div class=\"divider-wrapper\" style=\"visibility:hidden;background-color:\">\n    <div class=\"visible-xs\" style=\"height:24px;\"><\/div>\n    <div class=\"visible-sm\" style=\"height:24px;\"><\/div>\n    <div class=\"visible-md\" style=\"height:48px;\"><\/div>\n    <div class=\"visible-lg\" style=\"height:48px;\"><\/div>\n<\/div><\/div>        <\/div>\n    <\/div>\n<\/section>\n<section class=\"section swatch-white  section-text-no-shadow section-inner-no-shadow section-normal section-opaque\" id=\"presentacion\"  data-label=\"\">\n    \n    <div class=\"background-overlay grid-overlay-0 \" style=\"background-color: rgba(0,0,0,0);\"><\/div>\n\n    <div class=\"container\">\n        <div class=\"row vertical-top\">\n            <div class=\"col-md-4     text-default small-screen-default\"  ><div class=\"figure \/*mostrar-solo-escritorio*\/ element-short-top element-short-bottom image-filter-none image-filter-onhover fade-in text-center figcaption-middle normalwidth\" data-os-animation=\"none\" data-os-animation-delay=\"0s\">\n            <span class=\"figure-image\">\n    \n    <img decoding=\"async\" src=\"https:\/\/old.encuentrosporlaigualdad.com\/wp-content\/uploads\/2022\/09\/Cruciclo_local_VAL-286x300.png\"   class=\"normalwidth\" \/>    \n            <\/span>\n    \n<\/div><\/div><div class=\"col-md-8     text-default small-screen-default\"  ><div class=\"cab-seccion element-short-top element-short-bottom\" data-os-animation=\"none\" data-os-animation-delay=\"0s\">\n    <p>POL\u00cdTICA DE PRIVACITAT I PROTECCI\u00d3 DE DADES<\/p>\n<\/div><div class=\" element-short-top element-short-bottom\" data-os-animation=\"none\" data-os-animation-delay=\"0s\">\n    <p>En compliment del Reglament (UE) 2016\/679, de 27 d\u2019abril de 2016 i de la Llei org\u00e0nica 3\/2018, de 5 de desembre, de protecci\u00f3 de dades personals i garantia dels drets digitals, se l\u2019informa que les dades personals facilitades seran incorporades i tractades en un fitxer titularitat de la Diputaci\u00f3 Provincial d\u2019Alacant amb la finalitat de gestionar els esdeveniments organitzats i les accions de difusi\u00f3 de l\u2019activitat d\u2019aquesta entitat. L\u2019informem que les seues dades, inclosa la seua imatge, podran ser objecte de difusi\u00f3 en mitjans de comunicaci\u00f3. Els camps marcats amb (*) s\u00f3n d\u2019emplenament obligatori i, en cas que no emplene algun d\u2019aquests camps, no es gestionar\u00e0 la seua inscripci\u00f3. Pot exercir els drets d\u2019acc\u00e9s, rectificaci\u00f3, supressi\u00f3, oposici\u00f3, limitaci\u00f3 del tractament, portabilitat i (si \u00e9s procedent) retirada del consentiment prestat, mitjan\u00e7ant sol\u00b7licitud dirigida a la Diputaci\u00f3 d\u2019Alacant, Registre d\u2019Entrada, Av. de l\u2019Estaci\u00f3 6, 03005 Alacant, indicant \u201cDelegat de protecci\u00f3 de dades\u201d per algun d\u2019aquests mitjans: per correu ordinari, inst\u00e0ncia presencial o a trav\u00e9s de seu electr\u00f2nica.<\/p>\n<\/div><\/div>        <\/div>\n    <\/div>\n<\/section>\n<section class=\"section swatch-white  section-text-no-shadow section-inner-no-shadow section-normal section-opaque\"  data-label=\"\">\n    \n    <div class=\"background-overlay grid-overlay-0 \" style=\"background-color: rgba(0,0,0,0);\"><\/div>\n\n    <div class=\"container\">\n        <div class=\"row vertical-top\">\n            <div class=\"col-md-12     text-default small-screen-default\"  ><div class=\"divider-wrapper\" style=\"visibility:hidden;background-color:\">\n    <div class=\"visible-xs\" style=\"height:24px;\"><\/div>\n    <div class=\"visible-sm\" style=\"height:24px;\"><\/div>\n    <div class=\"visible-md\" style=\"height:48px;\"><\/div>\n    <div class=\"visible-lg\" style=\"height:48px;\"><\/div>\n<\/div><\/div>        <\/div>\n    <\/div>\n<\/section>\n","protected":false},"excerpt":{"rendered":"POL\u00cdTICA DE PRIVACITAT I PROTECCI\u00d3 DE DADES En compliment del Reglament (UE) 2016\/679, de 27 d\u2019abril de 2016 i de la Llei org\u00e0nica 3\/2018, de 5 de desembre, de protecci\u00f3 de dades personals i garantia dels drets digitals, se l\u2019informa que les dades personals facilitades seran incorporades i tractades en un fitxer titularitat de la","protected":false},"author":1,"featured_media":0,"parent":0,"menu_order":0,"comment_status":"closed","ping_status":"closed","template":"","meta":{"footnotes":""},"class_list":["post-114","page","type-page","status-publish","hentry"],"_links":{"self":[{"href":"https:\/\/old.encuentrosporlaigualdad.com\/ca\/wp-json\/wp\/v2\/pages\/114","targetHints":{"allow":["GET"]}}],"collection":[{"href":"https:\/\/old.encuentrosporlaigualdad.com\/ca\/wp-json\/wp\/v2\/pages"}],"about":[{"href":"https:\/\/old.encuentrosporlaigualdad.com\/ca\/wp-json\/wp\/v2\/types\/page"}],"author":[{"embeddable":true,"href":"https:\/\/old.encuentrosporlaigualdad.com\/ca\/wp-json\/wp\/v2\/users\/1"}],"replies":[{"embeddable":true,"href":"https:\/\/old.encuentrosporlaigualdad.com\/ca\/wp-json\/wp\/v2\/comments?post=114"}],"version-history":[{"count":4,"href":"https:\/\/old.encuentrosporlaigualdad.com\/ca\/wp-json\/wp\/v2\/pages\/114\/revisions"}],"predecessor-version":[{"id":1062,"href":"https:\/\/old.encuentrosporlaigualdad.com\/ca\/wp-json\/wp\/v2\/pages\/114\/revisions\/1062"}],"wp:attachment":[{"href":"https:\/\/old.encuentrosporlaigualdad.com\/ca\/wp-json\/wp\/v2\/media?parent=114"}],"curies":[{"name":"wp","href":"https:\/\/api.w.org\/{rel}","templated":true}]}}