{"id":109,"date":"2021-10-26T10:58:53","date_gmt":"2021-10-26T10:58:53","guid":{"rendered":"https:\/\/jornadadiversidad.com\/reglamento\/"},"modified":"2022-09-05T10:49:01","modified_gmt":"2022-09-05T08:49:01","slug":"reglament","status":"publish","type":"page","link":"https:\/\/old.encuentrosporlaigualdad.com\/ca\/reglament\/","title":{"rendered":"Reglament"},"content":{"rendered":"<section class=\"section swatch-white  section-text-no-shadow section-inner-no-shadow section-normal section-opaque\"  data-label=\"\">\n    \n    <div class=\"background-overlay grid-overlay-0 \" style=\"background-color: rgba(0,0,0,0);\"><\/div>\n\n    <div class=\"container\">\n        <div class=\"row vertical-top\">\n            <div class=\"col-md-12     text-default small-screen-default\"  ><div class=\"divider-wrapper\" style=\"visibility:hidden;background-color:\">\n    <div class=\"visible-xs\" style=\"height:24px;\"><\/div>\n    <div class=\"visible-sm\" style=\"height:24px;\"><\/div>\n    <div class=\"visible-md\" style=\"height:48px;\"><\/div>\n    <div class=\"visible-lg\" style=\"height:48px;\"><\/div>\n<\/div><\/div>        <\/div>\n    <\/div>\n<\/section>\n<section class=\"section swatch-white  section-text-no-shadow section-inner-no-shadow section-normal section-opaque\" id=\"reglamento\"  data-label=\"\">\n    \n    <div class=\"background-overlay grid-overlay-0 \" style=\"background-color: rgba(0,0,0,0);\"><\/div>\n\n    <div class=\"container\">\n        <div class=\"row vertical-top\">\n            <div class=\"col-md-4     text-default small-screen-default\"  ><div class=\"figure \/*mostrar-solo-escritorio*\/ element-short-top element-short-bottom image-filter-none image-filter-onhover fade-in text-center figcaption-middle normalwidth\" data-os-animation=\"none\" data-os-animation-delay=\"0s\">\n            <span class=\"figure-image\">\n    \n    <img decoding=\"async\" src=\"https:\/\/old.encuentrosporlaigualdad.com\/wp-content\/uploads\/2022\/09\/Cruciclo_local_VAL-286x300.png\"   class=\"normalwidth\" \/>    \n            <\/span>\n    \n<\/div><\/div><div class=\"col-md-8     text-default small-screen-default\"  ><div class=\"cab-seccion element-short-top element-short-bottom\" data-os-animation=\"none\" data-os-animation-delay=\"0s\">\n    <p>REGLAMENT<\/p>\n<\/div><div class=\" element-short-top element-short-bottom\" data-os-animation=\"none\" data-os-animation-delay=\"0s\">\n    <p><strong>ARTICLE 1. OBJECTE<\/strong><\/p>\n<p>El present reglament t\u00e9 per objecte establir els drets i obligacions de les persones participants en el Cicle de Trobades per la Igualtat de G\u00e8nere a celebrar en les instal\u00b7lacions del Museu Arqueol\u00f2gic Provincial d&#8217;Alacant (MARQ) en les dates seg\u00fcents: 28 de setembre, 20 d&#8217;octubre i 28 de novembre de 2022, i 23 de mar\u00e7, 8 de juny i 5 d&#8217;octubre de 2023.<\/p>\n<p>Este reglamento seguir\u00e1 siendo de aplicaci\u00f3n, aunque se produjera cualquier modificaci\u00f3n en el calendario o en la localizaci\u00f3n de alguno de los encuentros programados.<\/p>\n<p><strong>ARTICLE 2. \u00c0MBIT D\u2019APLICACI\u00d3<br \/>\n<\/strong><\/p>\n<p>Les disposicions contingudes en el present document s&#8217;apliquen \u00fanicament i exclusivament a aquelles persones admeses per a participar en alguno\/s de les trobades i a les quals s\u2019ha comunicat esta admissi\u00f3.<\/p>\n<p><strong>ARTICLE 3. LA SEU DEL CONGR\u00c9S<br \/>\n<\/strong><\/p>\n<p>Les sis trobades es realitzaran en el Museu Arqueol\u00f2gic Provincial d&#8217;Alacant (MARQ) situat en Pla\u00e7a Doctor G\u00f3mez Ulla s\/n de la ciutat d&#8217;Alacant.<\/p>\n<p><strong>ARTICLE 4. DURACI\u00d3<\/strong><\/p>\n<p>El c\u00f2mput total d&#8217;hores de les sis trobades ser\u00e0 de 24, a ra\u00f3 de 4 hores per trobada.<\/p>\n<p><strong>ARTICLE 5. DRETS DE LES PERSONES CONGRESSISTES<br \/>\n<\/strong><\/p>\n<p>Les persones congressistes tenen dret a:<\/p>\n<ol>\n<li>Obtindre, amb la sol\u00b7licitud pr\u00e8via, justificant de trobar-se admitido\/a com a assistent en la trobada a qu\u00e8 s&#8217;hagen inscrito\/a. A aqueste efecte, la sol\u00b7licitud haur\u00e0 de presentar-se davant de la secretaria t\u00e8cnica, amb una antelaci\u00f3 m\u00ednima de set dies a l&#8217;inici de la trobada.<\/li>\n<li>Ser informades de totes les eventualitats que puguen sorgir al llarg del desenvolupament de les trobades i que afecten directament aspectes substancials del programa establit.<\/li>\n<li>Obtindre un diploma d&#8217;assist\u00e8ncia a la trobada, a la seua finalitzaci\u00f3 i via online.<\/li>\n<\/ol>\n<p><strong>ARTICLE 6. OBLIGACIONS DE LES PERSONES CONGRESSISTES<br \/>\n<\/strong><\/p>\n<p>Les persones congressistes tenen l\u2019obligaci\u00f3 de:<\/p>\n<ol>\n<li>Respectar el comprom\u00eds d\u2019assist\u00e8ncia a la trobada, una vegada haja sigut comunicada la seua admissi\u00f3. Cas de no poder assistir, haur\u00e0 de comunicar-se aquesta eventualitat en la secretaria t\u00e8cnica, amb una antelaci\u00f3 m\u00ednima de 7 dies a l\u2019inici de la trobada amb la finalitat de poder oferir aquesta pla\u00e7a a les persones que es troben en llista d\u2019espera.<\/li>\n<li>Respectar unes m\u00ednimes normes de puntualitat i assist\u00e8ncia per a garantir el correcte desenvolupament de les trobades.<\/li>\n<li>Confirmar la seua identitat com a participant en la trobada, davant l\u2019estand o lloc habilitat de la secretaria t\u00e8cnica per a poder ser acreditades i recollir el material. A aquest efecte, es tindr\u00e0 en compte que no es podr\u00e0 recollir el material en nom de cap company\/a o persona coneguda i que, una vegada comen\u00e7at la trobada, no es distribuir\u00e0 cap material a persona aliena que no estiga admesa.<\/li>\n<li>Complir les mesures preventives enfront del COVID-19 vigents en cada moment. El personal d&#8217;organitzaci\u00f3 li indicar\u00e0 qualsevol possible actualitzaci\u00f3 de mesures.<\/li>\n<\/ol>\n<p>&nbsp;<\/p>\n<p><strong>ARTICLE 7. DIPLOMES D\u2019ASSIST\u00c8NCIA<br \/>\n<\/strong><\/p>\n<p>Els diplomes d&#8217;assist\u00e8ncia a qualsevol de les trobades es podran descarregar de la p\u00e0gina web del cicle de trobades a mesura que vagen finalitzant. \u00c9s requisit indispensable que el\/la assistent s&#8217;haja acreditat de forma efectiva davant de l&#8217;equip d&#8217;acreditacions de la secretaria t\u00e8cnica el dia de la trobada.<\/p>\n<p>De no ser aix\u00ed, l\u2019interessat no apareixer\u00e0 com a assistent en la base de dades d\u2019aquest i, per tant, el programa no generar\u00e0 el seu diploma d\u2019assist\u00e8ncia.<\/p>\n<\/div><\/div>        <\/div>\n    <\/div>\n<\/section>\n<section class=\"section swatch-white  section-text-no-shadow section-inner-no-shadow section-normal section-opaque\"  data-label=\"\">\n    \n    <div class=\"background-overlay grid-overlay-0 \" style=\"background-color: rgba(0,0,0,0);\"><\/div>\n\n    <div class=\"container\">\n        <div class=\"row vertical-top\">\n            <div class=\"col-md-12     text-default small-screen-default\"  ><div class=\"divider-wrapper\" style=\"visibility:hidden;background-color:\">\n    <div class=\"visible-xs\" style=\"height:24px;\"><\/div>\n    <div class=\"visible-sm\" style=\"height:24px;\"><\/div>\n    <div class=\"visible-md\" style=\"height:48px;\"><\/div>\n    <div class=\"visible-lg\" style=\"height:48px;\"><\/div>\n<\/div><\/div>        <\/div>\n    <\/div>\n<\/section>\n","protected":false},"excerpt":{"rendered":"REGLAMENT ARTICLE 1. OBJECTE El present reglament t\u00e9 per objecte establir els drets i obligacions de les persones participants en el Cicle de Trobades per la Igualtat de G\u00e8nere a celebrar en les instal\u00b7lacions del Museu Arqueol\u00f2gic Provincial d'Alacant (MARQ) en les dates seg\u00fcents: 28 de setembre, 20 d'octubre i 28 de novembre de 2022,","protected":false},"author":1,"featured_media":0,"parent":0,"menu_order":0,"comment_status":"closed","ping_status":"closed","template":"","meta":{"footnotes":""},"class_list":["post-109","page","type-page","status-publish","hentry"],"_links":{"self":[{"href":"https:\/\/old.encuentrosporlaigualdad.com\/ca\/wp-json\/wp\/v2\/pages\/109","targetHints":{"allow":["GET"]}}],"collection":[{"href":"https:\/\/old.encuentrosporlaigualdad.com\/ca\/wp-json\/wp\/v2\/pages"}],"about":[{"href":"https:\/\/old.encuentrosporlaigualdad.com\/ca\/wp-json\/wp\/v2\/types\/page"}],"author":[{"embeddable":true,"href":"https:\/\/old.encuentrosporlaigualdad.com\/ca\/wp-json\/wp\/v2\/users\/1"}],"replies":[{"embeddable":true,"href":"https:\/\/old.encuentrosporlaigualdad.com\/ca\/wp-json\/wp\/v2\/comments?post=109"}],"version-history":[{"count":6,"href":"https:\/\/old.encuentrosporlaigualdad.com\/ca\/wp-json\/wp\/v2\/pages\/109\/revisions"}],"predecessor-version":[{"id":1084,"href":"https:\/\/old.encuentrosporlaigualdad.com\/ca\/wp-json\/wp\/v2\/pages\/109\/revisions\/1084"}],"wp:attachment":[{"href":"https:\/\/old.encuentrosporlaigualdad.com\/ca\/wp-json\/wp\/v2\/media?parent=109"}],"curies":[{"name":"wp","href":"https:\/\/api.w.org\/{rel}","templated":true}]}}